{"id":18,"date":"2015-09-25T13:11:35","date_gmt":"2015-09-25T13:11:35","guid":{"rendered":"http:\/\/ilscachent.com\/?page_id=18"},"modified":"2017-01-30T06:40:22","modified_gmt":"2017-01-30T06:40:22","slug":"preface","status":"publish","type":"page","link":"https:\/\/ilscachent.com\/index.php\/preface\/","title":{"rendered":"Pr\u00e9face"},"content":{"rendered":"<p>Parlant des assassinats de janvier 2015 \u00e0 Paris, Tariq Ramadan et Dalil Boubakeur ont dit que Daech ne repr\u00e9sentait pas l\u2019islam. Et Tareq Oubrou a d\u00e9clar\u00e9 que le djihad devait \u00eatre int\u00e9rieur.<\/p>\n<p>Pourtant, les trois hommes ont enseign\u00e9 le contraire avant et apr\u00e8s cette date.<\/p>\n<p>Boubakeur passe ainsi son temps \u00e0 vanter le cursus de l\u2019Institut de th\u00e9ologie Al-Ghazali qu\u2019il pr\u00e9side. Or dans cet institut, les futurs imams et aum\u00f4niers de prison de France, de Suisse, de Belgique ou du Canada, apprennent \u00e0 interpr\u00e9ter les textes sacr\u00e9s de l\u2019islam \u00e0 la fa\u00e7on de Daech.<\/p>\n<p>Tariq Ramadan est plus inqui\u00e9tant, car il ne donne son message que par morceaux, par r\u00e9bus. Il faut conna\u00eetre ses autres paroles et \u00e9crits, ainsi que les textes qu\u2019il cite, pour savoir ce qu\u2019il pense <em>vraiment <\/em>des versets coraniques prescrivant de tuer les m\u00e9cr\u00e9ants, ce qu\u2019il pense <em>vraiment <\/em>de la lapidation de l\u2019adult\u00e8re et du meurtre de l\u2019apostat.<\/p>\n<p>Tareq Oubrou est plus difficile \u00e0 saisir, parce qu\u2019il fait davantage d\u2019efforts pour cacher sa pens\u00e9e v\u00e9ritable. Il est oblig\u00e9 de faire oublier les appels qu\u2019en tant que Fr\u00e8re Musulman, il a lanc\u00e9s durant des ann\u00e9es aux musulmans de France, pour qu\u2019ils travaillent au r\u00e8gne de l\u2019\u00c9tat islamique en France et dans le monde.<\/p>\n<p>Apr\u00e8s avoir condamn\u00e9 les attentats de Charlie Hebdo et de l\u2019Hypercasher, il a d\u2019ailleurs dit, \u00e0 la mosqu\u00e9e, qu\u2019il fallait faire le djihad physique contre les <em>kouffars <\/em>(m\u00e9cr\u00e9ants). Et pour permettre \u00e0 ses auditeurs de reconna\u00eetre ces kouffars, il les a renvoy\u00e9s \u00e0 un passage coranique qui d\u00e9signe les chr\u00e9tiens et les juifs !<\/p>\n<p>En parlant tout le temps d\u2019amour \u2014 et en ne signalant pas que cet amour ne concerne pas les chr\u00e9tiens, ni les juifs, ni les ath\u00e9es, mais seulement les musulmans \u2014 Tareq Oubrou, Dalil Boubakeur et Tariq Ramadan trompent les chr\u00e9tiens, les juifs et les ath\u00e9es de France, d\u2019Angleterre et d\u2019ailleurs, qui les autorisent \u00e0 venir pr\u00eacher contre eux, chez eux, dans leurs instituts culturels, leurs mosqu\u00e9es et leurs universit\u00e9s, et sur les plateaux de leurs t\u00e9l\u00e9visions.<\/p>\n<p>Le r\u00e9sultat \u00e9tait \u00e0 pr\u00e9voir : les Fran\u00e7ais sont ha\u00efs, en France, dans les milieux o\u00f9 ces trois sont le plus aim\u00e9s et \u00e9cout\u00e9s.<\/p>\n<p>Et ce qui prouve la valeur de leurs discours parlant de la morale, de la dignit\u00e9 et des droits de la femme, et de leurs appels \u00e0 la fraternit\u00e9 et \u00e0 la tol\u00e9rance, c\u2019est que dans ces m\u00eames milieux, les femmes sont battues de plus en plus souvent, la d\u00e9linquance est en augmentation, et le racisme anti-Blanc, anti-Fran\u00e7ais, anti-chr\u00e9tien, anti-juif, est en augmentation.<\/p>\n<p>La fa\u00e7on dont la guerre d\u2019Alg\u00e9rie est \u00e9voqu\u00e9e pour faire ha\u00efr les Fran\u00e7ais, joue un grand r\u00f4le dans ce racisme. La chronologie des faits et le contexte historique ne sont pas respect\u00e9s. On sert aux imams \u00e9tudiant chez Boubakeur \u2014 tout comme aux auditeurs de Tariq Ramadan et de Tareq Oubrou \u2014 une salade d\u2019anachronismes et de faits tri\u00e9s ou d\u00e9form\u00e9s et augment\u00e9s, qui les rendent m\u00e9connaissables et g\u00e9n\u00e8rent une frustration terrible que seule une revanche peut calmer. Et cette revanche, o\u00f9 la prendre, sinon sur le sol fran\u00e7ais aujourd\u2019hui ?<\/p>\n<p>Dans l\u2019esprit des masses d\u2019immigr\u00e9s ou de convertis \u00e0 l\u2019islam conditionn\u00e9s, manipul\u00e9s, l\u2019amour des Fran\u00e7ais non-musulmans est de plus en plus souvent per\u00e7u comme une trahison, leur haine comme un devoir, le vandalisme de leurs \u00e9glises, synagogues et cimeti\u00e8res, comme un acte de pi\u00e9t\u00e9 et de d\u00e9foulement.<\/p>\n<p>Nous n\u2019en admirons que davantage les nombreux musulmans qui ont le courage de r\u00e9sister aux pressions qui viennent de partout.<\/p>\n<p>Car dans les livres, sur Internet, dans les couloirs des mosqu\u00e9es et parfois m\u00eame dans les sermons du vendredi, des pr\u00e9dicateurs appellent les musulmans qui vivent en France \u00e0 soumettre les m\u00e9cr\u00e9ants. Dans un pr\u00e9c\u00e9dent livre <a href=\"http:\/\/fatwas-caricatures.com\">(lien)<\/a>, j\u2019ai publi\u00e9 des fac-simil\u00e9s tir\u00e9s d\u2019un best-seller \u00e9dit\u00e9 \u00e0 Paris et qui disent aux musulmans de France qu\u2019ils doivent tuer le musulman apostat, tuer le musulman qui ne fait pas ses pri\u00e8res, faire le djihad contre les m\u00e9cr\u00e9ants, et en cas de victoire, humilier ceux qui se soumettent, les astreindre \u00e0 payer une <em>jizya <\/em>(amende) \u00e0 perp\u00e9tuit\u00e9, leur interdire de construire des \u00e9glises nouvelles ou de r\u00e9parer les anciennes, les astreindre \u00e0 marcher sur le c\u00f4t\u00e9 gauche de la route, leur interdire de sonner les cloches et de montrer des croix ou des statues \u00e0 l\u2019ext\u00e9rieur des \u00e9glises. Et qu\u2019en cas de r\u00e9sistance, les djihadistes improvis\u00e9s doivent tuer tous les hommes et les adolescents, vendre les femmes et les enfants en esclavage, les esclaves de sexe f\u00e9minin \u00e9tant aussi des esclaves sexuelles.<\/p>\n<p>(Certaines traductions censurent pudiquement le passage de l\u2019original arabe du best-seller en question, qui dit que violer est un acte de \u00ab compassion \u00bb de la part de leur ma\u00eetre qui satisfait ainsi l\u2019app\u00e9tit sexuel de l\u2019esclave de sexe f\u00e9minin. Mais que la femme ne s\u2019avise pas d\u2019\u00e9prouver la m\u00eame \u00ab compassion \u00bb envers l\u2019esclave de sexe masculin, car elle serait lapid\u00e9e pour adult\u00e8re !)<\/p>\n<p>Favoriser Tariq Ramadan, Dalil Boubakeur et Tareq Oubrou au nom de leur <em>mod\u00e9ration <\/em>en croyant, par eux, contrer la propagation de l\u2019islam <em>dur <\/em>des salafistes, revient \u00e0 pr\u00e9tendre \u00e9teindre du feu en y jetant du bois mort. Car leurs paroles sont des fl\u00e8ches. Elles font mal. Et dans les blessures qu\u2019elles causent, vient ensuite s\u2019engouffrer le discours des autres islamistes, ceux qui ne mentent pas.<\/p>\n<p>Nous d\u00e9voilerons la r\u00e9alit\u00e9 de l\u2019enseignement politique et religieux de Tariq Ramadan, Tareq Oubrou et Dalil Boubakeur, \u00e0 la lumi\u00e8re des textes qu\u2019ils citent et de ceux qu\u2019ils ne citent pas. Nous traduirons les textes d\u2019\u00e9poque qui racontent l\u2019invasion arabe de l\u2019Afrique du Nord, ou encore, les d\u00e9buts de la guerre d\u2019Alg\u00e9rie et la v\u00e9rit\u00e9 de la fa\u00e7on dont les Fran\u00e7ais, les Turcs et les Arabes \u00e9taient per\u00e7us par les Alg\u00e9riens d\u2019alors.<\/p>\n<p>Ces trois hommes croient bien faire, et j\u2019avoue que je n\u2019ai pu m\u2019emp\u00eacher, au d\u00e9tour d\u2019une page ou d\u2019un discours, d\u2019admirer la fid\u00e9lit\u00e9 de certains d\u2019entre eux.<\/p>\n<p>Mais leurs convictions ne sont pas les miennes. Contrairement \u00e0 eux, je n\u2019estime pas que la fin justifie le mensonge, la haine, le m\u00e9pris d\u2019un fr\u00e8re humain, son meurtre.<\/p>\n<p>C\u2019est pourquoi je me vois oblig\u00e9e de d\u00e9masquer leur imposture avec des textes et des r\u00e9f\u00e9rences.<\/p>\n<p>\u00c0 tout seigneur tout honneur : je commencerai par Hassan Al-Banna. Car il n\u2019est pas seulement le grand-p\u00e8re de Tariq Ramadan, il est aussi son mentor et celui de Tareq Oubrou, de l\u2019UOIF, d\u2019Oussama Ben Laden, du calife Bagdadi, et de bien d\u2019autres.<\/p>\n<p>Conna\u00eetre ses \u00e9crits et ses m\u00e9thodes permettra de comprendre pourquoi son influence, tout au long du XX<sup>e<\/sup> si\u00e8cle, a \u00e9t\u00e9 comme un grand nuage noir et torride qui a sem\u00e9 le m\u00e9pris et la haine, partout o\u00f9 il est pass\u00e9.<\/p>\n","protected":false},"excerpt":{"rendered":"<p>Parlant des assassinats de janvier 2015 \u00e0 Paris, Tariq Ramadan et Dalil Boubakeur ont dit que Daech ne repr\u00e9sentait pas l\u2019islam. Et Tareq Oubrou a d\u00e9clar\u00e9 que le djihad devait \u00eatre int\u00e9rieur. Pourtant, les trois hommes ont enseign\u00e9 le contraire avant et apr\u00e8s cette date. Boubakeur passe ainsi son temps \u00e0 vanter le cursus de &hellip; <a href=\"https:\/\/ilscachent.com\/index.php\/preface\/\" class=\"more-link\">Continuer la lecture de <span class=\"screen-reader-text\">Pr\u00e9face<\/span><\/a><\/p>\n","protected":false},"author":1,"featured_media":0,"parent":0,"menu_order":0,"comment_status":"closed","ping_status":"closed","template":"","meta":{"footnotes":""},"class_list":["post-18","page","type-page","status-publish","hentry"],"_links":{"self":[{"href":"https:\/\/ilscachent.com\/index.php\/wp-json\/wp\/v2\/pages\/18","targetHints":{"allow":["GET"]}}],"collection":[{"href":"https:\/\/ilscachent.com\/index.php\/wp-json\/wp\/v2\/pages"}],"about":[{"href":"https:\/\/ilscachent.com\/index.php\/wp-json\/wp\/v2\/types\/page"}],"author":[{"embeddable":true,"href":"https:\/\/ilscachent.com\/index.php\/wp-json\/wp\/v2\/users\/1"}],"replies":[{"embeddable":true,"href":"https:\/\/ilscachent.com\/index.php\/wp-json\/wp\/v2\/comments?post=18"}],"version-history":[{"count":7,"href":"https:\/\/ilscachent.com\/index.php\/wp-json\/wp\/v2\/pages\/18\/revisions"}],"predecessor-version":[{"id":307,"href":"https:\/\/ilscachent.com\/index.php\/wp-json\/wp\/v2\/pages\/18\/revisions\/307"}],"wp:attachment":[{"href":"https:\/\/ilscachent.com\/index.php\/wp-json\/wp\/v2\/media?parent=18"}],"curies":[{"name":"wp","href":"https:\/\/api.w.org\/{rel}","templated":true}]}}