{"id":22,"date":"2015-09-25T14:04:50","date_gmt":"2015-09-25T14:04:50","guid":{"rendered":"http:\/\/ilscachent.com\/?page_id=22"},"modified":"2017-01-30T06:42:15","modified_gmt":"2017-01-30T06:42:15","slug":"introduction-au-livre","status":"publish","type":"page","link":"https:\/\/ilscachent.com\/","title":{"rendered":"Pr\u00e9sentation du livre"},"content":{"rendered":"<p>\u00c0 l\u2019ombre de l\u2019islam de France, les musulmans qui exercent la libert\u00e9 de conscience \u2013 et les non-musulmans qui critiquent Mahomet \u2013 sont-ils \u00e0 l\u2019abri de la mort que leur promettent les terroristes ? En d\u2019autres termes, est-ce que l\u2019islam de France compte les soutenir ? Tariq Ramadan dit oui. Tareq Oubrou aussi. Le recteur Dalil Boubakeur, la figure officielle la plus importante de cet islam de France, dit oui.<\/p>\n<p>En m\u00eame temps, Tariq Ramadan d\u00e9fend la d\u00e9capitation de sept cents hommes et la vente de leurs femmes et enfants pour le viol et le service. Tareq Oubrou ne s\u2019est jamais repenti d\u2019avoir appel\u00e9 au djihad pour construire le califat. Et dans l\u2019institut de th\u00e9ologie que pr\u00e9side Dalil Boubakeur, les futurs imams et aum\u00f4niers de prison de France, de Belgique, de Suisse et du Canada apprennent \u00e0 interpr\u00e9ter les textes sacr\u00e9s de l\u2019islam \u00e0 la fa\u00e7on de Daech. Ils apprennent \u00e0 ha\u00efr la France, \u00e0 traiter les Fran\u00e7ais de crois\u00e9s haineux et \u00e0 pr\u00e9tendre que leur haine a \u00e9t\u00e9 la raison de l\u2019occupation de l\u2019Alg\u00e9rie.<\/p>\n<p>Quelle est la v\u00e9rit\u00e9 de cette occupation ? Quel est le r\u00f4le jou\u00e9 par le gouvernement alg\u00e9rien dans l\u2019islamisation galopante en France ?<\/p>\n<p>Laissons parler Tariq Ramadan, Tareq Oubrou et Dalil Boubakeur. Laissons les textes qu\u2019ils citent parler.<\/p>\n<p>Franco-libanaise, Lina Murr Nehm\u00e9 est professeur, historienne, politologue et islamologue. Depuis trente-sept ans, ses recherches lui permettent de se livrer \u00e0 un v\u00e9ritable travail d\u2019enqu\u00eate en remontant aux origines. Son but : r\u00e9habiliter les victimes en d\u00e9voilant les criminels. Le r\u00e9sultat : des documents qui d\u00e9molissent les id\u00e9es re\u00e7ues. Auteur de plusieurs dizaines d\u2019ouvrages, elle a notamment publi\u00e9 1453 : Mahomet II impose le schisme orthodoxe (Fran\u00e7ois-Xavier de Guibert, 2003), Fatwas et Caricatures (Salvator, 2015) et Quand les Anglais livraient le Levant \u00e0 l\u2019\u00c9tat islamique (Salvator, 2016)<\/p>\n","protected":false},"excerpt":{"rendered":"<p>\u00c0 l\u2019ombre de l\u2019islam de France, les musulmans qui exercent la libert\u00e9 de conscience \u2013 et les non-musulmans qui critiquent Mahomet \u2013 sont-ils \u00e0 l\u2019abri de la mort que leur promettent les terroristes ? En d\u2019autres termes, est-ce que l\u2019islam de France compte les soutenir ? Tariq Ramadan dit oui. Tareq Oubrou aussi. Le recteur &hellip; <a href=\"https:\/\/ilscachent.com\/\" class=\"more-link\">Continuer la lecture de <span class=\"screen-reader-text\">Pr\u00e9sentation du livre<\/span><\/a><\/p>\n","protected":false},"author":1,"featured_media":0,"parent":0,"menu_order":0,"comment_status":"closed","ping_status":"closed","template":"","meta":{"footnotes":""},"class_list":["post-22","page","type-page","status-publish","hentry"],"_links":{"self":[{"href":"https:\/\/ilscachent.com\/index.php\/wp-json\/wp\/v2\/pages\/22","targetHints":{"allow":["GET"]}}],"collection":[{"href":"https:\/\/ilscachent.com\/index.php\/wp-json\/wp\/v2\/pages"}],"about":[{"href":"https:\/\/ilscachent.com\/index.php\/wp-json\/wp\/v2\/types\/page"}],"author":[{"embeddable":true,"href":"https:\/\/ilscachent.com\/index.php\/wp-json\/wp\/v2\/users\/1"}],"replies":[{"embeddable":true,"href":"https:\/\/ilscachent.com\/index.php\/wp-json\/wp\/v2\/comments?post=22"}],"version-history":[{"count":7,"href":"https:\/\/ilscachent.com\/index.php\/wp-json\/wp\/v2\/pages\/22\/revisions"}],"predecessor-version":[{"id":308,"href":"https:\/\/ilscachent.com\/index.php\/wp-json\/wp\/v2\/pages\/22\/revisions\/308"}],"wp:attachment":[{"href":"https:\/\/ilscachent.com\/index.php\/wp-json\/wp\/v2\/media?parent=22"}],"curies":[{"name":"wp","href":"https:\/\/api.w.org\/{rel}","templated":true}]}}