{"id":51,"date":"2015-10-26T14:55:07","date_gmt":"2015-10-26T14:55:07","guid":{"rendered":"http:\/\/ilscachent.com\/?page_id=51"},"modified":"2017-02-20T10:05:25","modified_gmt":"2017-02-20T10:05:25","slug":"acheter-le-livre","status":"publish","type":"page","link":"https:\/\/ilscachent.com\/index.php\/acheter-le-livre\/","title":{"rendered":"Acheter le livre"},"content":{"rendered":"<p>En France, \u00ab\u00a0Tariq Ramadan, Tareq Oubrou, Dalil Boubakeur: ce qu&#039;ils cachent\u00a0\u00bb est sorti le 29 Janvier, 2017, et peut \u00eatre trouv\u00e9 ou command\u00e9 dans de tr\u00e8s nombreuses librairies, notamment \u00e0 la FNAC, \u00e0 la Procure, dans les magasins de la cha\u00eene de supermarch\u00e9s Leclerc, chez Gibert, etc. <\/p>\n<p>Il est disponible \u00e9galement chez plusieurs libraires francophones en Suisse, Belgique et au Canada. (\u00c0 ce sujet contacter l&rsquo;<a href=\"http:\/\/www.editions-salvator.com\/A-24937-tariq-ramadan-tareq-oubrou-dalil-boubakeur.-ce-qu-ils-cachent.aspx\" target=\"_blank\">\u00e9diteur<\/a>.)<\/p>\n<p>Il est \u00e9galement disponible en ligne, notamment sur les sites suivants:<\/p>\n<ul>\n<li><a href=\"http:\/\/www.editions-salvator.com\/A-24937-tariq-ramadan-tareq-oubrou-dalil-boubakeur.-ce-qu-ils-cachent.aspx\" target=\"_blank\">Chez l&rsquo;\u00e9diteur<\/a><\/li>\n<li><a href=\"https:\/\/www.amazon.fr\/Ramadan-Oubrou-Boubakeur-qu-ils-cachent\/dp\/2706714565\/\" target=\"_blank\">Amazon.fr<\/a><\/li>\n<li><a href=\"http:\/\/livre.fnac.com\/a10299768\/Lina-Murr-Nehme-Tariq-Ramadan-Tareq-Oubrou-Dalil-Boubakeur-ce-qu-ils-cachent\" target=\"_blank\">FNAC<\/a><\/li>\n<li><a href=\"http:\/\/www.e-leclerc.com\/espace+culturel\/produit\/tariq-ramadan-tareq-oubrou-dalil-boubakeur-ce-qu-ils-cachent,28958472\/\" target=\"_blank\">Leclerc<\/a><\/li>\n","protected":false},"excerpt":{"rendered":"<p>En France, \u00ab\u00a0Tariq Ramadan, Tareq Oubrou, Dalil Boubakeur: ce qu&#039;ils cachent\u00a0\u00bb est sorti le 29 Janvier, 2017, et peut \u00eatre trouv\u00e9 ou command\u00e9 dans de tr\u00e8s nombreuses librairies, notamment \u00e0 la FNAC, \u00e0 la Procure, dans les magasins de la cha\u00eene de supermarch\u00e9s Leclerc, chez Gibert, etc. Il est disponible \u00e9galement chez plusieurs libraires francophones &hellip; <a href=\"https:\/\/ilscachent.com\/index.php\/acheter-le-livre\/\" class=\"more-link\">Continuer la lecture de <span class=\"screen-reader-text\">Acheter le livre<\/span><\/a><\/p>\n","protected":false},"author":1,"featured_media":0,"parent":0,"menu_order":0,"comment_status":"closed","ping_status":"closed","template":"","meta":{"footnotes":""},"class_list":["post-51","page","type-page","status-publish","hentry"],"_links":{"self":[{"href":"https:\/\/ilscachent.com\/index.php\/wp-json\/wp\/v2\/pages\/51","targetHints":{"allow":["GET"]}}],"collection":[{"href":"https:\/\/ilscachent.com\/index.php\/wp-json\/wp\/v2\/pages"}],"about":[{"href":"https:\/\/ilscachent.com\/index.php\/wp-json\/wp\/v2\/types\/page"}],"author":[{"embeddable":true,"href":"https:\/\/ilscachent.com\/index.php\/wp-json\/wp\/v2\/users\/1"}],"replies":[{"embeddable":true,"href":"https:\/\/ilscachent.com\/index.php\/wp-json\/wp\/v2\/comments?post=51"}],"version-history":[{"count":34,"href":"https:\/\/ilscachent.com\/index.php\/wp-json\/wp\/v2\/pages\/51\/revisions"}],"predecessor-version":[{"id":315,"href":"https:\/\/ilscachent.com\/index.php\/wp-json\/wp\/v2\/pages\/51\/revisions\/315"}],"wp:attachment":[{"href":"https:\/\/ilscachent.com\/index.php\/wp-json\/wp\/v2\/media?parent=51"}],"curies":[{"name":"wp","href":"https:\/\/api.w.org\/{rel}","templated":true}]}}